{"id":1165,"date":"2023-12-08T15:03:29","date_gmt":"2023-12-08T15:03:29","guid":{"rendered":"https:\/\/vorarlberg.kripo.at\/?page_id=1165"},"modified":"2023-12-08T15:10:09","modified_gmt":"2023-12-08T15:10:09","slug":"hans-gross-und-die-lehre-der-kriminalistik","status":"publish","type":"page","link":"https:\/\/vorarlberg.kripo.at\/?page_id=1165","title":{"rendered":"Hans Gro\u00df und die Lehre der Kriminalistik"},"content":{"rendered":"\n<p class=\"wp-block-paragraph\">Am 28. November 2023 durften wir Dr. iur. Nina Kaiser von der Uni Graz im Feuerwehrhaus in Dornbirn begr\u00fc\u00dfen. <\/p>\n\n\n\n<p class=\"wp-block-paragraph\">Gut 70 Personen folgten der Einladung der VK\u00d6 und horchten mit Begeisterung den Ausf\u00fchrungen von Nina Kaiser zu. <\/p>\n\n\n\n<p class=\"wp-block-paragraph\">Selbstverst\u00e4ndlich bedankte sich die VK\u00d6 &#8211; Landessektion Vorarlberg &#8211; im einem besonderen Geschenk bei der Vortragenden. <\/p>\n\n\n\n<p class=\"wp-block-paragraph\">Im Anschluss fanden noch nette Gespr\u00e4che statt. Die Feuerwehr Dornbirn verw\u00f6hnte uns bestens. <\/p>\n\n\n\n<p class=\"wp-block-paragraph\">In der n\u00e4chsten Ausgabe der &#8222;kripo.at&#8220; wird ein Bericht dar\u00fcber zu lesen sein. <\/p>\n\n\n\n<p class=\"wp-block-paragraph\">Vorab mal ein paar Bilder von der Veranstaltung. <\/p>\n\n\n\n<p class=\"wp-block-paragraph\"><\/p>\n\n\n\n<p class=\"wp-block-paragraph\"><\/p>\n\n\n\nngg_shortcode_0_placeholder\n","protected":false},"excerpt":{"rendered":"<p>Am 28. November 2023 durften wir Dr. iur. Nina Kaiser von der Uni Graz im Feuerwehrhaus in Dornbirn begr\u00fc\u00dfen. Gut 70 Personen folgten der Einladung der VK\u00d6 und horchten mit Begeisterung den Ausf\u00fchrungen von Nina Kaiser zu. Selbstverst\u00e4ndlich bedankte sich die VK\u00d6 &#8211; Landessektion Vorarlberg &#8211; im einem besonderen Geschenk&#8230;<\/p>\n","protected":false},"author":1,"featured_media":0,"parent":0,"menu_order":0,"comment_status":"closed","ping_status":"closed","template":"","meta":{"_crdt_document":"","ngg_post_thumbnail":0,"footnotes":""},"class_list":["post-1165","page","type-page","status-publish","hentry"],"_links":{"self":[{"href":"https:\/\/vorarlberg.kripo.at\/index.php?rest_route=\/wp\/v2\/pages\/1165","targetHints":{"allow":["GET"]}}],"collection":[{"href":"https:\/\/vorarlberg.kripo.at\/index.php?rest_route=\/wp\/v2\/pages"}],"about":[{"href":"https:\/\/vorarlberg.kripo.at\/index.php?rest_route=\/wp\/v2\/types\/page"}],"author":[{"embeddable":true,"href":"https:\/\/vorarlberg.kripo.at\/index.php?rest_route=\/wp\/v2\/users\/1"}],"replies":[{"embeddable":true,"href":"https:\/\/vorarlberg.kripo.at\/index.php?rest_route=%2Fwp%2Fv2%2Fcomments&post=1165"}],"version-history":[{"count":2,"href":"https:\/\/vorarlberg.kripo.at\/index.php?rest_route=\/wp\/v2\/pages\/1165\/revisions"}],"predecessor-version":[{"id":1209,"href":"https:\/\/vorarlberg.kripo.at\/index.php?rest_route=\/wp\/v2\/pages\/1165\/revisions\/1209"}],"wp:attachment":[{"href":"https:\/\/vorarlberg.kripo.at\/index.php?rest_route=%2Fwp%2Fv2%2Fmedia&parent=1165"}],"curies":[{"name":"wp","href":"https:\/\/api.w.org\/{rel}","templated":true}]}}