{"id":1245,"date":"2024-05-15T13:26:21","date_gmt":"2024-05-15T13:26:21","guid":{"rendered":"https:\/\/vorarlberg.kripo.at\/?page_id=1245"},"modified":"2025-08-02T10:56:57","modified_gmt":"2025-08-02T10:56:57","slug":"bavaria-filmstudios-und-aktenzeichen-xy","status":"publish","type":"page","link":"https:\/\/vorarlberg.kripo.at\/?page_id=1245","title":{"rendered":"Bavaria-Filmstudios und Aktenzeichen XY 2024"},"content":{"rendered":"\n<div class=\"wp-block-media-text is-stacked-on-mobile\" style=\"grid-template-columns:42% auto\"><figure class=\"wp-block-media-text__media\"><img loading=\"lazy\" decoding=\"async\" width=\"1024\" height=\"783\" src=\"https:\/\/vorarlberg.kripo.at\/wp-content\/uploads\/2024\/05\/aktenzeichen-14-1024x783.jpg\" alt=\"\" class=\"wp-image-1249 size-full\" srcset=\"https:\/\/vorarlberg.kripo.at\/wp-content\/uploads\/2024\/05\/aktenzeichen-14-1024x783.jpg 1024w, https:\/\/vorarlberg.kripo.at\/wp-content\/uploads\/2024\/05\/aktenzeichen-14-300x229.jpg 300w, https:\/\/vorarlberg.kripo.at\/wp-content\/uploads\/2024\/05\/aktenzeichen-14-768x587.jpg 768w, https:\/\/vorarlberg.kripo.at\/wp-content\/uploads\/2024\/05\/aktenzeichen-14-1536x1174.jpg 1536w, https:\/\/vorarlberg.kripo.at\/wp-content\/uploads\/2024\/05\/aktenzeichen-14.jpg 1600w\" sizes=\"auto, (max-width: 1024px) 100vw, 1024px\" \/><\/figure><div class=\"wp-block-media-text__content\">\n<p class=\"wp-block-paragraph\"><br><p class=\"MsoNormal\">Die Vereinigung Kriminaldienst \u00d6sterreichs \u2013 Landessektion<br>Vorarlberg \u2013 veranstaltete am 8. Mai 2024 einen Tagesausflug zu den<br>Bavaria-Filmstudios nach M\u00fcnchen. <\/p><p class=\"MsoNormal\">\u00a0<\/p><p class=\"MsoNormal\">Sehr zur Freude des Veranstalters nahmen nicht nur<br>VK\u00d6-Mitglieder aus Vorarlberg an der Veranstaltung teil. Der Sektionsleiter<br>konnte Mitglieder aus Wien, Ober\u00f6sterreich und Deutschland begr\u00fc\u00dfen. <\/p><p class=\"MsoNormal\">Insgesamt nahmen 40 Personen teil. <\/p><\/p>\n<\/div><\/div>\n\n\n\n<p class=\"wp-block-paragraph\">Vorweg darf ein gro\u00dfes Dankesch\u00f6n an <strong>Walter Thurner<\/strong> (Sektionsleiter Deutschland) sowie <strong>Martin Gro\u00df<\/strong> und <strong>Veronique Hequet<\/strong> von Aktenzeichen XY ausgesprochen werden. Sie organisierten die Veranstaltung vor Ort hervorragend. So konnten wir Einblicke bei Aktenzeichen XY zu bekommen, die sonst gar nicht m\u00f6glich gewesen w\u00e4re.<\/p>\n\n\n\n<p class=\"wp-block-paragraph\">Beginnen wir von Anfang an. Um 07.00 Uhr startete unser Ausflug in Bludenz. Bettina Bitschi, die Chefin von Bitschi \u2013 Reisen lie\u00df es sich nehmen, sich selbst ans Steuer ihres Buses zu setzen. Bei drei Zwischenstopps wurden die weiteren Mitglieder \u201eeingesammelt\u201c und die Fahrt ging Richtung M\u00fcnchen. Nach einer Rast auf einem Autobahnparkplatz in Deutschland, bei dem die Teilnehmer mit hei\u00dfem Leberk\u00e4se und Getr\u00e4nken sowie auch mancher S\u00fc\u00dfspeise verw\u00f6hnt wurden, ging es zielstrebig zum Schlosshotel nach M\u00fcnchen, wo das Mittagessen auf dem Programm stand.<\/p>\n\n\n\n<p class=\"wp-block-paragraph\">Dort trafen wir nicht nur Martin Gro\u00df und Walter Thurner, nein auch die anderen Teilnehmer aus Wien und Deutschland waren p\u00fcnktlich zur Stelle. Sowohl Martin als auch Walter begr\u00fc\u00dften die Teilnehmer sehr herzlich.<\/p>\n\n\n\n<p class=\"wp-block-paragraph\">Jeder war schon auf die F\u00fchrung bei den Bavaria-Filmstudios und nat\u00fcrlich auch auf Aktenzeichen XY gespannt. So wurde das Mittagessen rasch konsumiert.<\/p>\n\n\n\n<p class=\"wp-block-paragraph\">Beim Studio 3 erwartete man uns bereits. Jakob, der Guide von Bavaria, verstand es, die Gruppe die n\u00e4chsten zwei Stunden hervorragend zu unterhalten. So konnten die Sehensw\u00fcrdigkeiten, wie z.B. \u201eDas Boot\u201c, \u201eAsterix und Obelix\u201c und noch vieles mehr nicht nur besichtigt werden, nein, Jakob wusste alle Details und erz\u00e4hlte diese sehr unterhaltsam. Man merkte ihm an, dass er f\u00fcr diese T\u00e4tigkeiten \u201elebte\u201c. Aber auch die Entstehungsgeschichte der Bavaria stand auf dem Programm.<\/p>\n\n\n\n<p class=\"wp-block-paragraph\">Unterhaltsam waren die Filmszenen mit den \u201eRosenheim Cops\u201c, bei dem Gunhild, Olga und Martin eine \u201eHauptrolle\u201c \u00fcbernehmen durften.<\/p>\n\n\n\n<p class=\"wp-block-paragraph\">Der Abschluss der F\u00fchrung war dann das 4D-Kino mit einem Film von \u201eMogli\u201c. Sehr unterhaltsam kann man da nur sagen.<\/p>\n\n\n\n<p class=\"wp-block-paragraph\">Dann ging es zum absoluten H\u00f6hepunkt. Wir wurden ins Studio von Aktenzeichen XY gebracht, in dem die Aufnahmen auf Hochtouren liefen. Nat\u00fcrlich durfte auch ein pers\u00f6nliches Treffen mit dem langj\u00e4hrigen Moderator Rudi Cerne nicht fehlen.<\/p>\n\n\n\n<p class=\"wp-block-paragraph\">Es war sehr spannend, mal zu erfahren, was f\u00fcr ein Aufwand und wieviel Personal f\u00fcr eine einzige Aktenzeichen \u2013 Sendung notwendig war. F\u00fcr jeden Filmbeitrag wird ein Drehbuch geschrieben, das vor der weiteren Verwendung von der zust\u00e4ndigen Staatsanwaltschaft genehmigt werden musste.<\/p>\n\n\n\n<p class=\"wp-block-paragraph\">Die Zeit verging wie im Flug und so manch einer war \u00fcberrascht, dass die Zeitplanung komplett \u00fcber \u201eden Haufen geworfen\u201c wurde.<\/p>\n\n\n\n<p class=\"wp-block-paragraph\">Nach Ende der Generalprobe verabschiedeten wir uns bei den Verantwortlichen und \u00fcberreichten an die drei Hauptorganisatoren \u201eunser\u201c Kripo-S\u00e4ckchen mit Spezialit\u00e4ten aus dem L\u00e4ndle.<\/p>\n\n\n\n<p class=\"wp-block-paragraph\">Die Heimfahrt verlief recht unterhaltsam. Die Stimmung im Bus war hervorragend. Die Einblicke mussten nat\u00fcrlich noch ausgiebig diskutiert werden.<\/p>\n\n\n\n<p class=\"wp-block-paragraph\">Insgesamt gab es eine \u00fcbereinstimmende Meinung. Bei der VK\u00d6 gibt es spannende und unterhaltsame Veranstaltungen.<\/p>\n\n\n\n<p class=\"wp-block-paragraph\">&nbsp;<\/p>\n\n\n\n<p class=\"wp-block-paragraph\">&nbsp;<\/p>\n\n\n\nngg_shortcode_0_placeholder\n","protected":false},"excerpt":{"rendered":"<p>Die Vereinigung Kriminaldienst \u00d6sterreichs \u2013 LandessektionVorarlberg \u2013 veranstaltete am 8. Mai 2024 einen Tagesausflug zu denBavaria-Filmstudios nach M\u00fcnchen. \u00a0 Sehr zur Freude des Veranstalters nahmen nicht nurVK\u00d6-Mitglieder aus Vorarlberg an der Veranstaltung teil. Der Sektionsleiterkonnte Mitglieder aus Wien, Ober\u00f6sterreich und Deutschland begr\u00fc\u00dfen. Insgesamt nahmen 40 Personen teil. Vorweg darf ein&#8230;<\/p>\n","protected":false},"author":1,"featured_media":0,"parent":0,"menu_order":0,"comment_status":"closed","ping_status":"closed","template":"","meta":{"_crdt_document":"","ngg_post_thumbnail":0,"footnotes":""},"class_list":["post-1245","page","type-page","status-publish","hentry"],"_links":{"self":[{"href":"https:\/\/vorarlberg.kripo.at\/index.php?rest_route=\/wp\/v2\/pages\/1245","targetHints":{"allow":["GET"]}}],"collection":[{"href":"https:\/\/vorarlberg.kripo.at\/index.php?rest_route=\/wp\/v2\/pages"}],"about":[{"href":"https:\/\/vorarlberg.kripo.at\/index.php?rest_route=\/wp\/v2\/types\/page"}],"author":[{"embeddable":true,"href":"https:\/\/vorarlberg.kripo.at\/index.php?rest_route=\/wp\/v2\/users\/1"}],"replies":[{"embeddable":true,"href":"https:\/\/vorarlberg.kripo.at\/index.php?rest_route=%2Fwp%2Fv2%2Fcomments&post=1245"}],"version-history":[{"count":5,"href":"https:\/\/vorarlberg.kripo.at\/index.php?rest_route=\/wp\/v2\/pages\/1245\/revisions"}],"predecessor-version":[{"id":1598,"href":"https:\/\/vorarlberg.kripo.at\/index.php?rest_route=\/wp\/v2\/pages\/1245\/revisions\/1598"}],"wp:attachment":[{"href":"https:\/\/vorarlberg.kripo.at\/index.php?rest_route=%2Fwp%2Fv2%2Fmedia&parent=1245"}],"curies":[{"name":"wp","href":"https:\/\/api.w.org\/{rel}","templated":true}]}}