{"id":1456,"date":"2024-11-09T18:21:16","date_gmt":"2024-11-09T18:21:16","guid":{"rendered":"https:\/\/vorarlberg.kripo.at\/?page_id=1456"},"modified":"2024-11-09T22:46:42","modified_gmt":"2024-11-09T22:46:42","slug":"blackout-was-nun","status":"publish","type":"page","link":"https:\/\/vorarlberg.kripo.at\/?page_id=1456","title":{"rendered":"Blackout &#8211; was nun"},"content":{"rendered":"\n<h2 class=\"wp-block-heading has-black-color has-text-color has-link-color wp-elements-16ddd1a86fbd5f5c0b262c37eee93547\">Besichtigung der Illwerke &#8211; VKW in Bregenz<\/h2>\n\n\n\n<p class=\"has-black-color has-text-color has-link-color wp-elements-9de60d550cc52ecb6c6fd664da7d9005 wp-block-paragraph\">Diese Frage interessiert sicherlich jeden. Darum lud die VK\u00d6-Landessektion Vorarlberg zur Besichtigung der Illwerke-VKW ein. Die Illwerke-VKW (Infos: <a href=\"https:\/\/www.illwerkevkw.at\/\" target=\"_blank\" rel=\"noopener\">https:\/\/www.illwerkevkw.at\/<\/a>) ist der gro\u00dfe Energieanbieter in Vorarlberg. Die Geschichte dieser Firma ist bereits \u00fcber 100 Jahre alt und kann durchaus als Pionierleistung gesehen werden.<\/p>\n\n\n\n<p class=\"has-black-color has-text-color has-link-color wp-elements-699c53c592e54c92e1d25c5b7f19f2bf wp-block-paragraph\">Da es zuf\u00e4lligerweise eine Woche zuvor einen l\u00e4ngeren fl\u00e4chendeckenden Stromausfall in Dornbirn gegeben hat, war das Interesse recht gro\u00df.<\/p>\n\n\n\n<p class=\"has-black-color has-text-color has-link-color wp-elements-12589c28beda398ba9662efd764925f2 wp-block-paragraph\">20 Mitglieder waren p\u00fcnktlich beim Treffpunkt. Gerhard Raudnicky und Norbert Slappnig (beide sind Br\u00fcder von Polizisten) begr\u00fc\u00dften und unterhielten die Teilnehmer mit einem interessanten Vortrag, der durch einen Film \u00fcber das Wirken der Firma abgerundet wurde.<\/p>\n\n\n\n<p class=\"has-black-color has-text-color has-link-color wp-elements-4a82d280b91c4e63ca8fe2011954865d wp-block-paragraph\">Danach ging es direkt in die Einsatzzentrale. Dort erkl\u00e4rte der Leiter Christian Neururer den Aufbau der Zentrale und den Ablauf im Einsatzfall. Bereitwillig beantwortete er die vielen Fragen, die unsere Mitglieder hatten. Auch die Frage nach dem Stromausfall in Dornbirn wurde beantwortet.<\/p>\n\n\n\n<p class=\"has-black-color has-text-color has-link-color wp-elements-b2b65cf186e6ef2198490e2957c2e1f7 wp-block-paragraph\">Die Zeit war schon fortgeschritten, aber es gab noch viel zu sehen. Insbesondere das alte Kraftwerk, das zwischenzeitlich als Museum umgebaut wurde, interessierte die Teilnehmer.<\/p>\n\n\n\n<p class=\"has-black-color has-text-color has-link-color wp-elements-e5f171f01d2721aaeaad18b7ae0d302e wp-block-paragraph\">Im neuen Vortragssaal wurde die Veranstaltung mit Getr\u00e4nken und einem Film \u00fcber \u201eBlackout\u201c abgerundet.&nbsp;<\/p>\n\n\n\n<p class=\"has-black-color has-text-color has-link-color wp-elements-a8738c3a3a44338406a2ada90d3385dd wp-block-paragraph\">Der Sektionsleiter bedankte sich bei drei Vortragenden sehr herzlich und \u00fcberreicht ihnen unser bereits traditionelles \u201eKriminalwasser\u201c.<\/p>\n\n\n\nngg_shortcode_0_placeholder\n","protected":false},"excerpt":{"rendered":"<p>Besichtigung der Illwerke &#8211; VKW in Bregenz Diese Frage interessiert sicherlich jeden. Darum lud die VK\u00d6-Landessektion Vorarlberg zur Besichtigung der Illwerke-VKW ein. Die Illwerke-VKW (Infos: https:\/\/www.illwerkevkw.at\/) ist der gro\u00dfe Energieanbieter in Vorarlberg. Die Geschichte dieser Firma ist bereits \u00fcber 100 Jahre alt und kann durchaus als Pionierleistung gesehen werden. Da&#8230;<\/p>\n","protected":false},"author":1,"featured_media":1423,"parent":0,"menu_order":0,"comment_status":"closed","ping_status":"closed","template":"","meta":{"_crdt_document":"","ngg_post_thumbnail":0,"footnotes":""},"class_list":["post-1456","page","type-page","status-publish","has-post-thumbnail","hentry"],"_links":{"self":[{"href":"https:\/\/vorarlberg.kripo.at\/index.php?rest_route=\/wp\/v2\/pages\/1456","targetHints":{"allow":["GET"]}}],"collection":[{"href":"https:\/\/vorarlberg.kripo.at\/index.php?rest_route=\/wp\/v2\/pages"}],"about":[{"href":"https:\/\/vorarlberg.kripo.at\/index.php?rest_route=\/wp\/v2\/types\/page"}],"author":[{"embeddable":true,"href":"https:\/\/vorarlberg.kripo.at\/index.php?rest_route=\/wp\/v2\/users\/1"}],"replies":[{"embeddable":true,"href":"https:\/\/vorarlberg.kripo.at\/index.php?rest_route=%2Fwp%2Fv2%2Fcomments&post=1456"}],"version-history":[{"count":4,"href":"https:\/\/vorarlberg.kripo.at\/index.php?rest_route=\/wp\/v2\/pages\/1456\/revisions"}],"predecessor-version":[{"id":1465,"href":"https:\/\/vorarlberg.kripo.at\/index.php?rest_route=\/wp\/v2\/pages\/1456\/revisions\/1465"}],"wp:featuredmedia":[{"embeddable":true,"href":"https:\/\/vorarlberg.kripo.at\/index.php?rest_route=\/wp\/v2\/media\/1423"}],"wp:attachment":[{"href":"https:\/\/vorarlberg.kripo.at\/index.php?rest_route=%2Fwp%2Fv2%2Fmedia&parent=1456"}],"curies":[{"name":"wp","href":"https:\/\/api.w.org\/{rel}","templated":true}]}}