{"id":1534,"date":"2024-12-18T11:12:32","date_gmt":"2024-12-18T11:12:32","guid":{"rendered":"https:\/\/vorarlberg.kripo.at\/?page_id=1534"},"modified":"2024-12-18T11:12:36","modified_gmt":"2024-12-18T11:12:36","slug":"die-bodyfarm-und-kleine-geheimnisse-der-gerichtsmedizin","status":"publish","type":"page","link":"https:\/\/vorarlberg.kripo.at\/?page_id=1534","title":{"rendered":"Die Bodyfarm und kleine Geheimnisse der Gerichtsmedizin"},"content":{"rendered":"\n<figure class=\"wp-block-image size-large is-resized\"><img loading=\"lazy\" decoding=\"async\" width=\"1024\" height=\"768\" src=\"https:\/\/vorarlberg.kripo.at\/wp-content\/uploads\/2024\/12\/WhatsApp-Bild-2024-12-02-um-11.30.21_686096a2-1024x768.jpg\" alt=\"\" class=\"wp-image-1535\" style=\"width:815px;height:auto\" srcset=\"https:\/\/vorarlberg.kripo.at\/wp-content\/uploads\/2024\/12\/WhatsApp-Bild-2024-12-02-um-11.30.21_686096a2-1024x768.jpg 1024w, https:\/\/vorarlberg.kripo.at\/wp-content\/uploads\/2024\/12\/WhatsApp-Bild-2024-12-02-um-11.30.21_686096a2-300x225.jpg 300w, https:\/\/vorarlberg.kripo.at\/wp-content\/uploads\/2024\/12\/WhatsApp-Bild-2024-12-02-um-11.30.21_686096a2-768x576.jpg 768w, https:\/\/vorarlberg.kripo.at\/wp-content\/uploads\/2024\/12\/WhatsApp-Bild-2024-12-02-um-11.30.21_686096a2-1536x1152.jpg 1536w, https:\/\/vorarlberg.kripo.at\/wp-content\/uploads\/2024\/12\/WhatsApp-Bild-2024-12-02-um-11.30.21_686096a2.jpg 1600w\" sizes=\"auto, (max-width: 1024px) 100vw, 1024px\" \/><\/figure>\n\n\n\n<p class=\"has-black-color has-text-color has-link-color wp-elements-41200d41a1c269d2dafa01d46f306ea0 wp-block-paragraph\">Die Landessektion der VK\u00d6 (Vereinigung Kriminaldienst \u00d6sterreich) lud auch in diesem Herbst zu einer Top-Veranstaltung ein. Der Gerichtsmediziner Dr. Stefano Longato erz\u00e4hlte den 300 Besuchern von seinen Erlebnissen anl\u00e4sslich einer Ausbildung auf der \u201eBodyfarm\u201c in Tennessee\/USA. Mit Spannung horchten die Zuschauer bei diesem beeindruckenden Vortrag.<\/p>\n\n\n\n<p class=\"has-black-color has-text-color has-link-color wp-elements-3342a24b1275793d518c5ac75f83d181 wp-block-paragraph\">Dr. Longato rundete seine Ausf\u00fchrungen mit ein paar unterhaltsamen Ereignissen, die man als Gerichtsmediziner auch erleben kann, ab.<\/p>\n\n\n\n<p class=\"has-black-color has-text-color has-link-color wp-elements-f028f47b74231fd453d4be6342b059a5 wp-block-paragraph\">Nach dem sehr interessanten Vortrag konnte ich die \u201eFragestunde\u201c, die wirklich fast eine Stunde gedauert hatte, er\u00f6ffnen. Daniel Schuster, der B\u00fcrgermeister von M\u00e4der, nahm gleich ein Mikro in die Hand und \u201ewanderte\u201c im Saal umher, damit jede Frage auch gut verstanden werden konnte.<\/p>\n\n\n\n<p class=\"has-black-color has-text-color has-link-color wp-elements-4ebfcfb5a78d26de0411c2335c64aeed wp-block-paragraph\">Die Spendenaktion bei der Veranstaltung wurde in diesem Jahr f\u00fcr das Schulheim M\u00e4der durchgef\u00fchrt. Das Schulheim M\u00e4der, mit ca 100 Betreuer\/innen, betreut und k\u00fcmmert sich um eine gr\u00f6\u00dfere Anzahl von k\u00f6rperlich und geistig schwerbehinderten Kindern.<\/p>\n\n\n\n<p class=\"has-black-color has-text-color has-link-color wp-elements-3e5ed4b8b19bd877b40434103ae49ecf wp-block-paragraph\">Die Gro\u00dfz\u00fcgigkeit der Besucher war sensationell, die Spendengl\u00e4ser waren mit 1.850,- Euro gef\u00fcllt. Der Vortragende Dr. Stefano Longato erkl\u00e4rte sich sofort bereit, den Betrag auf 2.000,- Euro aufzurunden. Somit durfte ich Arnt Buchwald &#8211; dem Gesch\u00e4ftsf\u00fchrer der Schule \u2013 die stolze Summe \u00fcberreichen.<\/p>\n\n\n\n<p class=\"has-black-color has-text-color has-link-color wp-elements-2a25ae2a39e7664314f5ef5917ce4a63 wp-block-paragraph\">Die VK\u00d6 bedankte sich beim Vortragenden mit dem traditionellen \u201eVK\u00d6-Geschenksk\u00f6rble\u201c und einem exquisiten Tr\u00f6pfchen von unserem \u201eKriminalwasser\u201c.<\/p>\n\n\n\n<p class=\"has-black-color has-text-color has-link-color wp-elements-a91e1ae190896152388027110eb03a3a wp-block-paragraph\">Ebenso bedankten wir uns sehr herzlich beim B\u00fcrgermeister Daniel Schuster und Martin Stark von der Gemeinde M\u00e4der f\u00fcr das gro\u00dfe Entgegenkommen bei der Organisation der Veranstaltung. Auch sie wurden mit unserem \u201eKriminalwasser\u201c \u00fcberrascht.<\/p>\n\n\n\n<p class=\"has-black-color has-text-color has-link-color wp-elements-53187105932ac48659d8f68a25f2ea4a wp-block-paragraph\">Mit angeregten Gespr\u00e4chen ging der nette Abend zu Ende.<\/p>\n","protected":false},"excerpt":{"rendered":"<p>Die Landessektion der VK\u00d6 (Vereinigung Kriminaldienst \u00d6sterreich) lud auch in diesem Herbst zu einer Top-Veranstaltung ein. Der Gerichtsmediziner Dr. Stefano Longato erz\u00e4hlte den 300 Besuchern von seinen Erlebnissen anl\u00e4sslich einer Ausbildung auf der \u201eBodyfarm\u201c in Tennessee\/USA. Mit Spannung horchten die Zuschauer bei diesem beeindruckenden Vortrag. Dr. Longato rundete seine Ausf\u00fchrungen&#8230;<\/p>\n","protected":false},"author":1,"featured_media":0,"parent":0,"menu_order":0,"comment_status":"closed","ping_status":"closed","template":"","meta":{"_crdt_document":"","ngg_post_thumbnail":0,"footnotes":""},"class_list":["post-1534","page","type-page","status-publish","hentry"],"_links":{"self":[{"href":"https:\/\/vorarlberg.kripo.at\/index.php?rest_route=\/wp\/v2\/pages\/1534","targetHints":{"allow":["GET"]}}],"collection":[{"href":"https:\/\/vorarlberg.kripo.at\/index.php?rest_route=\/wp\/v2\/pages"}],"about":[{"href":"https:\/\/vorarlberg.kripo.at\/index.php?rest_route=\/wp\/v2\/types\/page"}],"author":[{"embeddable":true,"href":"https:\/\/vorarlberg.kripo.at\/index.php?rest_route=\/wp\/v2\/users\/1"}],"replies":[{"embeddable":true,"href":"https:\/\/vorarlberg.kripo.at\/index.php?rest_route=%2Fwp%2Fv2%2Fcomments&post=1534"}],"version-history":[{"count":1,"href":"https:\/\/vorarlberg.kripo.at\/index.php?rest_route=\/wp\/v2\/pages\/1534\/revisions"}],"predecessor-version":[{"id":1537,"href":"https:\/\/vorarlberg.kripo.at\/index.php?rest_route=\/wp\/v2\/pages\/1534\/revisions\/1537"}],"wp:attachment":[{"href":"https:\/\/vorarlberg.kripo.at\/index.php?rest_route=%2Fwp%2Fv2%2Fmedia&parent=1534"}],"curies":[{"name":"wp","href":"https:\/\/api.w.org\/{rel}","templated":true}]}}