{"id":426,"date":"2019-02-19T13:29:30","date_gmt":"2019-02-19T13:29:30","guid":{"rendered":"https:\/\/vorarlberg.kripo.at\/?page_id=426"},"modified":"2019-10-15T21:54:03","modified_gmt":"2019-10-15T21:54:03","slug":"sektionsleitung","status":"publish","type":"page","link":"https:\/\/vorarlberg.kripo.at\/?page_id=426","title":{"rendered":"Sektionsleitung"},"content":{"rendered":"\n<p class=\"wp-block-paragraph\">Eine Vorstellung des Sektionsleiters bzw des StV. ist f\u00fcr unsere Mitglieder sicherlich nicht erforderlich, da beide Funktion\u00e4re gut bekannt sind.&nbsp;<\/p>\n\n\n\n<figure class=\"wp-block-image\"><img loading=\"lazy\" decoding=\"async\" width=\"6016\" height=\"4016\" src=\"https:\/\/kripov.files.wordpress.com\/2018\/11\/dsc_4368.jpg\" alt=\"\" class=\"wp-image-248\" srcset=\"https:\/\/vorarlberg.kripo.at\/wp-content\/uploads\/2018\/11\/dsc_4368.jpg 6016w, https:\/\/vorarlberg.kripo.at\/wp-content\/uploads\/2018\/11\/dsc_4368-300x200.jpg 300w, https:\/\/vorarlberg.kripo.at\/wp-content\/uploads\/2018\/11\/dsc_4368-768x513.jpg 768w, https:\/\/vorarlberg.kripo.at\/wp-content\/uploads\/2018\/11\/dsc_4368-1024x684.jpg 1024w\" sizes=\"auto, (max-width: 6016px) 100vw, 6016px\" \/><figcaption>Sektionsleiter Vlbg: Norbert Schwendinger (rechts)<br>Sektionsleiter-StV Vlbg: Peter Gruber (links)<\/figcaption><\/figure>\n\n\n\n<p class=\"wp-block-paragraph\">Trotzdem eine kurze Vorstellung f\u00fcr die Allgemeinheit.&nbsp;<\/p>\n\n\n\n<p class=\"wp-block-paragraph\">Norbert Schwendinger war der Leiter der sogenannten &#8222;Mordgruppe&#8220; beim Landeskriminalamt Vorarlberg. Am 01.08.2019 trat er in den Ruhestand. <\/p>\n\n\n\n<p class=\"wp-block-paragraph\">Er war die &#8222;treibende Kraft&#8220; f\u00fcr die Gr\u00fcndung der Sektion Vorarlberg.\u00a0<\/p>\n\n\n\n<p class=\"wp-block-paragraph\">Peter Gruber ist der Leiter der Gruppe &#8222;Suchtmittelkriminalit\u00e4t&#8220; beim Landeskriminalamt Vorarlberg.&nbsp;<\/p>\n","protected":false},"excerpt":{"rendered":"<p>Eine Vorstellung des Sektionsleiters bzw des StV. ist f\u00fcr unsere Mitglieder sicherlich nicht erforderlich, da beide Funktion\u00e4re gut bekannt sind.&nbsp; Trotzdem eine kurze Vorstellung f\u00fcr die Allgemeinheit.&nbsp; Norbert Schwendinger war der Leiter der sogenannten &#8222;Mordgruppe&#8220; beim Landeskriminalamt Vorarlberg. Am 01.08.2019 trat er in den Ruhestand. Er war die &#8222;treibende Kraft&#8220;&#8230;<\/p>\n","protected":false},"author":1,"featured_media":0,"parent":0,"menu_order":0,"comment_status":"closed","ping_status":"closed","template":"","meta":{"_crdt_document":"","ngg_post_thumbnail":0,"footnotes":""},"class_list":["post-426","page","type-page","status-publish","hentry"],"_links":{"self":[{"href":"https:\/\/vorarlberg.kripo.at\/index.php?rest_route=\/wp\/v2\/pages\/426","targetHints":{"allow":["GET"]}}],"collection":[{"href":"https:\/\/vorarlberg.kripo.at\/index.php?rest_route=\/wp\/v2\/pages"}],"about":[{"href":"https:\/\/vorarlberg.kripo.at\/index.php?rest_route=\/wp\/v2\/types\/page"}],"author":[{"embeddable":true,"href":"https:\/\/vorarlberg.kripo.at\/index.php?rest_route=\/wp\/v2\/users\/1"}],"replies":[{"embeddable":true,"href":"https:\/\/vorarlberg.kripo.at\/index.php?rest_route=%2Fwp%2Fv2%2Fcomments&post=426"}],"version-history":[{"count":2,"href":"https:\/\/vorarlberg.kripo.at\/index.php?rest_route=\/wp\/v2\/pages\/426\/revisions"}],"predecessor-version":[{"id":806,"href":"https:\/\/vorarlberg.kripo.at\/index.php?rest_route=\/wp\/v2\/pages\/426\/revisions\/806"}],"wp:attachment":[{"href":"https:\/\/vorarlberg.kripo.at\/index.php?rest_route=%2Fwp%2Fv2%2Fmedia&parent=426"}],"curies":[{"name":"wp","href":"https:\/\/api.w.org\/{rel}","templated":true}]}}