{"id":429,"date":"2019-02-19T13:31:23","date_gmt":"2019-02-19T13:31:23","guid":{"rendered":"https:\/\/vorarlberg.kripo.at\/?page_id=429"},"modified":"2019-02-19T13:31:23","modified_gmt":"2019-02-19T13:31:23","slug":"krimi-nacht","status":"publish","type":"page","link":"https:\/\/vorarlberg.kripo.at\/?page_id=429","title":{"rendered":"Krimi &#8211; Nacht"},"content":{"rendered":"\n<p class=\"wp-block-paragraph\">Die Landessektion der \u201eVereinigung Kriminaldienst \u00d6sterreich\u201c (VK\u00d6) veranstaltete am 09.05.2018 in der Inatura in Dornbirn eine Buchlesung mit dem bekannten Tiroler Krimiautor und Polizeikollegen Dietmar WACHTER. Gut 100 Besucher konnten vom Vorarlberger Sektionsleiter Norbert Schwendinger und seinem Stellvertreter Peter Gruber begr\u00fc\u00dft werden. Dietmar Wachter f\u00fchrte in seiner Begr\u00fc\u00dfung aus, er sei sehr gl\u00fccklich, dass so viele Besucher (sogar aus der Schweiz und Liechtenstein) gekommen seien. Auch das Ambiente der Inatura habe etwas Besonderes, da er noch nie in Anwesenheit eines B\u00e4ren und anderer Wildtiere gelesen habe.<\/p>\n\n\n\n<figure class=\"wp-block-image\"><img loading=\"lazy\" decoding=\"async\" width=\"1024\" height=\"683\" src=\"https:\/\/kripov.files.wordpress.com\/2018\/11\/11.jpg\" alt=\"\" class=\"wp-image-222\" srcset=\"https:\/\/vorarlberg.kripo.at\/wp-content\/uploads\/2018\/11\/11.jpg 1024w, https:\/\/vorarlberg.kripo.at\/wp-content\/uploads\/2018\/11\/11-300x200.jpg 300w, https:\/\/vorarlberg.kripo.at\/wp-content\/uploads\/2018\/11\/11-768x512.jpg 768w\" sizes=\"auto, (max-width: 1024px) 100vw, 1024px\" \/><\/figure>\n\n\n\n<p class=\"wp-block-paragraph\"> <\/p>\n\n\n\n<p class=\"wp-block-paragraph\">Begleitet wurde er \u2013 wie bei allen seinen Lesungen \u2013 von der jungen Ivana VLAHUSIC (K\u00fcnstlername \u201eIvana Bunt\u201c) und erstmals von unserem VK\u00d6-Mitglied, dem Kriminaldienstreferenten von Bludenz \u2013 Oswald WACHTER, der Ausz\u00fcge aus verschiedenen B\u00fcchern vorlas. <\/p>\n\n\n\n<p class=\"wp-block-paragraph\">Zahlreiche Ehreng\u00e4ste lie\u00dfen es sich nicht nehmen, an der Veranstaltung teilzunehmen, so konnten \u2013 um nur ein paar aufzuz\u00e4hlen &#8211; &nbsp;der stv. Landepolizeidirektor Mag. Walter Filzmaier mit Gattin, die stv. Pr\u00e4sidentin des Landesgerichtes Feldkirch Mag.Angelika Prechtl-Marte mit der Richterkollegin Mag. Nadine Heim, die Staatsanw\u00e4lte Dr. Heinz Rusch und Mag. Manfred Melchhammer, der Leiter des Landeskriminalamtes Oberst Hardy Tschofen und sein Stellvertreter Major Philipp Stadler, der stv. Leiter der Logistikabteilung der LPD, Oberrat Marko Berghold mit Begleitung, sowie die Polizeikollegen Daniel Meier der Landespolizei Liechtenstein mit Gattin und Rolf Odermatt von der Kantonspolizei St. Gallen mit Gattin im Saal begr\u00fc\u00dft werden.&nbsp;<\/p>\n\n\n\n<p class=\"wp-block-paragraph\">Dietmar Wachter begeisterte das Publikum mit seiner lockeren und nat\u00fcrlichen Art. Er erz\u00e4hlte, was ihn dazu gebracht habe, Krimis zu schreiben und wie er die Ideen zu den einzelnen B\u00fcchern hatte. Er verstand es auch, mit manch einem Schwank aus seinem Leben, wie z.B. dass er die Idee zu einem Buch bei einer \u201eSitzung\u201c auf dem WC hatte, das Publikum zum Lachen bringen.<\/p>\n\n\n\n<figure class=\"wp-block-image\"><img loading=\"lazy\" decoding=\"async\" width=\"1024\" height=\"682\" src=\"https:\/\/kripov.files.wordpress.com\/2018\/11\/3.jpg\" alt=\"\" class=\"wp-image-223\" srcset=\"https:\/\/vorarlberg.kripo.at\/wp-content\/uploads\/2018\/11\/3.jpg 1024w, https:\/\/vorarlberg.kripo.at\/wp-content\/uploads\/2018\/11\/3-300x200.jpg 300w, https:\/\/vorarlberg.kripo.at\/wp-content\/uploads\/2018\/11\/3-768x512.jpg 768w\" sizes=\"auto, (max-width: 1024px) 100vw, 1024px\" \/><\/figure>\n\n\n\n<p class=\"wp-block-paragraph\"> <\/p>\n\n\n\n<p class=\"wp-block-paragraph\">Die K\u00fcnstlerin Ivana Bunt begleitete ihre selbst komponierten Lieder sowohl am Klavier als auch mit der Gitarre. Dabei konnte sie auch mit ihrer Stimme das Publikum \u00fcberzeugen, was jeweils mit einem gro\u00dfen Applaus belohnt wurde. <\/p>\n\n\n\n<p class=\"wp-block-paragraph\">Oswald Wachter, der sich in seiner Freizeit als Schauspieler (u.a. als Jesus bei den Klostertaler Passionsspielen) bet\u00e4tigt, las l\u00e4ngere Szenen aus drei Krimis. Dabei war unverkennbar, dass Oswald auch als Schauspieler Talent hat. <\/p>\n\n\n\n<p class=\"wp-block-paragraph\">Die Stille im Saal wurde nur durch den Applaus und einzelnen Lachern, wenn Dietmar wieder mal eine lustige Pointe erz\u00e4hlte, unterbrochen. <\/p>\n\n\n\n<p class=\"wp-block-paragraph\">Nach 1 \u00bd Stunden beendeten die drei Darsteller ihre Pr\u00e4sentation und bekamen daf\u00fcr viel Applaus.<\/p>\n\n\n\n<figure class=\"wp-block-image\"><img loading=\"lazy\" decoding=\"async\" width=\"1024\" height=\"683\" src=\"https:\/\/kripov.files.wordpress.com\/2018\/11\/4.jpg\" alt=\"\" class=\"wp-image-226\" srcset=\"https:\/\/vorarlberg.kripo.at\/wp-content\/uploads\/2018\/11\/4.jpg 1024w, https:\/\/vorarlberg.kripo.at\/wp-content\/uploads\/2018\/11\/4-300x200.jpg 300w, https:\/\/vorarlberg.kripo.at\/wp-content\/uploads\/2018\/11\/4-768x512.jpg 768w\" sizes=\"auto, (max-width: 1024px) 100vw, 1024px\" \/><\/figure>\n\n\n\n<p class=\"wp-block-paragraph\">Norbert Schwendinger und Peter Gruber \u00fcberreichten den K\u00fcnstlern jeweils ein spezielles \u201eVK\u00d6-K\u00f6rble\u201c mit Vorarlberger Spezialit\u00e4ten.<\/p>\n\n\n\n<figure class=\"wp-block-image\"><img loading=\"lazy\" decoding=\"async\" width=\"1024\" height=\"683\" src=\"https:\/\/kripov.files.wordpress.com\/2018\/11\/51.jpg\" alt=\"\" class=\"wp-image-224\" srcset=\"https:\/\/vorarlberg.kripo.at\/wp-content\/uploads\/2018\/11\/51.jpg 1024w, https:\/\/vorarlberg.kripo.at\/wp-content\/uploads\/2018\/11\/51-300x200.jpg 300w, https:\/\/vorarlberg.kripo.at\/wp-content\/uploads\/2018\/11\/51-768x512.jpg 768w\" sizes=\"auto, (max-width: 1024px) 100vw, 1024px\" \/><\/figure>\n\n\n\n<p class=\"wp-block-paragraph\"> <\/p>\n\n\n\n<p class=\"wp-block-paragraph\">Susanne Marosch, die Obfrau der Leuk\u00e4miehilfe \u201eGeben f\u00fcr Leben\u201c, war sichtlich erfreut, da die Spendenfreudigkeit der Besucher sehr gut war. Immerhin konnte die VK\u00d6 dem Verein \u201eGeben f\u00fcr Leben\u201c&nbsp;<strong> 634,- Euro <\/strong>\u00fcbergeben. <\/p>\n\n\n\n<figure class=\"wp-block-image\"><img loading=\"lazy\" decoding=\"async\" width=\"1024\" height=\"683\" src=\"https:\/\/kripov.files.wordpress.com\/2018\/11\/6.jpg\" alt=\"\" class=\"wp-image-225\" srcset=\"https:\/\/vorarlberg.kripo.at\/wp-content\/uploads\/2018\/11\/6.jpg 1024w, https:\/\/vorarlberg.kripo.at\/wp-content\/uploads\/2018\/11\/6-300x200.jpg 300w, https:\/\/vorarlberg.kripo.at\/wp-content\/uploads\/2018\/11\/6-768x512.jpg 768w\" sizes=\"auto, (max-width: 1024px) 100vw, 1024px\" \/><\/figure>\n\n\n\n<p class=\"wp-block-paragraph\" style=\"text-align:center\"><em>Hier kannst du noch ein paar zus\u00e4tzliche Bilder anschauen&nbsp; &#8211;&nbsp;&nbsp;<\/em><a href=\"https:\/\/flic.kr\/s\/aHskKppTKX\" target=\"_blank\" rel=\"noopener\"><em>LINK<\/em><\/a><\/p>\n\n\n<p><!--EndFragment--><br>\n<br>\n<\/p>","protected":false},"excerpt":{"rendered":"<p>Die Landessektion der \u201eVereinigung Kriminaldienst \u00d6sterreich\u201c (VK\u00d6) veranstaltete am 09.05.2018 in der Inatura in Dornbirn eine Buchlesung mit dem bekannten Tiroler Krimiautor und Polizeikollegen Dietmar WACHTER. Gut 100 Besucher konnten vom Vorarlberger Sektionsleiter Norbert Schwendinger und seinem Stellvertreter Peter Gruber begr\u00fc\u00dft werden. Dietmar Wachter f\u00fchrte in seiner Begr\u00fc\u00dfung aus, er&#8230;<\/p>\n","protected":false},"author":1,"featured_media":0,"parent":0,"menu_order":0,"comment_status":"closed","ping_status":"closed","template":"","meta":{"_crdt_document":"","ngg_post_thumbnail":0,"footnotes":""},"class_list":["post-429","page","type-page","status-publish","hentry"],"_links":{"self":[{"href":"https:\/\/vorarlberg.kripo.at\/index.php?rest_route=\/wp\/v2\/pages\/429","targetHints":{"allow":["GET"]}}],"collection":[{"href":"https:\/\/vorarlberg.kripo.at\/index.php?rest_route=\/wp\/v2\/pages"}],"about":[{"href":"https:\/\/vorarlberg.kripo.at\/index.php?rest_route=\/wp\/v2\/types\/page"}],"author":[{"embeddable":true,"href":"https:\/\/vorarlberg.kripo.at\/index.php?rest_route=\/wp\/v2\/users\/1"}],"replies":[{"embeddable":true,"href":"https:\/\/vorarlberg.kripo.at\/index.php?rest_route=%2Fwp%2Fv2%2Fcomments&post=429"}],"version-history":[{"count":1,"href":"https:\/\/vorarlberg.kripo.at\/index.php?rest_route=\/wp\/v2\/pages\/429\/revisions"}],"predecessor-version":[{"id":431,"href":"https:\/\/vorarlberg.kripo.at\/index.php?rest_route=\/wp\/v2\/pages\/429\/revisions\/431"}],"wp:attachment":[{"href":"https:\/\/vorarlberg.kripo.at\/index.php?rest_route=%2Fwp%2Fv2%2Fmedia&parent=429"}],"curies":[{"name":"wp","href":"https:\/\/api.w.org\/{rel}","templated":true}]}}