{"id":438,"date":"2019-02-19T13:36:46","date_gmt":"2019-02-19T13:36:46","guid":{"rendered":"https:\/\/vorarlberg.kripo.at\/?page_id=438"},"modified":"2019-02-19T13:36:46","modified_gmt":"2019-02-19T13:36:46","slug":"exkursion-zuerich-kloten","status":"publish","type":"page","link":"https:\/\/vorarlberg.kripo.at\/?page_id=438","title":{"rendered":"Exkursion Z\u00fcrich-Kloten"},"content":{"rendered":"\n<h4 class=\"wp-block-heading\"><em>Die Landessektion\nVorarlberg ging auf Reisen. <\/em><\/h4>\n\n\n\n<p class=\"wp-block-paragraph\">Aufgrund von freundschaftlichen Kontakten zwischen dem Vorarlberger VK\u00d6-Sektionsleiter Norbert Schwendinger und dem Chef der Regionalabteilung Z\u00fcrich Unterland (Kapo Z\u00fcrich) \u2013 Markus Huber \u2013 konnte der Kontakt zur Flughafenpolizei der Kantonspolizei Z\u00fcrich hergestellt werden. <\/p>\n\n\n\n<p class=\"wp-block-paragraph\">Die Vorarlberger Anfrage hinsichtlich einer Exkursion wurde von den Z\u00fcrcher Kollegen sofort positiv beantwortet. So kam es, dass sich knapp 50 Exekutivangeh\u00f6rige f\u00fcr den Ausflug interessierten.&nbsp; Am 24. Mai 2017 startete der Bus der Fa. Wachter-Reisen bereits gegen 06.00 Uhr im Montafon und \u201esammelte\u201c mit ein paar Stopps die Teilnehmer auf dem Weg Richtung Bregenz ein. <\/p>\n\n\n\n<p class=\"wp-block-paragraph\">Nach einer kurzen Verpflegungspause (scharfer Leberk\u00e4se,Brot und Getr\u00e4nke) bei der LPD starteten insgesamt 42 Kollegen\/innen den Weg nach Z\u00fcrich. Man kann sagen, der Busfahrer hat eine punktgenaue \u201eLandung\u201c beim Flughafen Z\u00fcrich geschafft, genau um 10.00 Uhr trafen wir dort \u2013 wie vereinbart\u2013 ein.<\/p>\n\n\n\n<figure class=\"wp-block-image\"><img loading=\"lazy\" decoding=\"async\" width=\"3264\" height=\"2448\" src=\"https:\/\/kripov.files.wordpress.com\/2018\/11\/jause.jpg\" alt=\"\" class=\"wp-image-184\" srcset=\"https:\/\/vorarlberg.kripo.at\/wp-content\/uploads\/2018\/11\/jause.jpg 3264w, https:\/\/vorarlberg.kripo.at\/wp-content\/uploads\/2018\/11\/jause-300x225.jpg 300w, https:\/\/vorarlberg.kripo.at\/wp-content\/uploads\/2018\/11\/jause-768x576.jpg 768w, https:\/\/vorarlberg.kripo.at\/wp-content\/uploads\/2018\/11\/jause-1024x768.jpg 1024w\" sizes=\"auto, (max-width: 3264px) 100vw, 3264px\" \/><figcaption>Verpflegung vor der Abfahrt<\/figcaption><\/figure>\n\n\n\n<p class=\"wp-block-paragraph\">Christian Rodel (Flughafenpolizei) sowie Markus Huber begr\u00fc\u00dften uns sehr herzlich. Aufgrund des umfangreichen Programms ging es dann gleich in den Besprechungsraum, wo wir \u2013 von Fabian K\u00fchner &#8211; offiziell begr\u00fc\u00dft wurden.<\/p>\n\n\n\n<figure class=\"wp-block-image\"><img loading=\"lazy\" decoding=\"async\" width=\"3264\" height=\"2448\" src=\"https:\/\/kripov.files.wordpress.com\/2018\/11\/begrc3bcssung-christian-fabian.jpg\" alt=\"\" class=\"wp-image-185\" srcset=\"https:\/\/vorarlberg.kripo.at\/wp-content\/uploads\/2018\/11\/begrc3bcssung-christian-fabian.jpg 3264w, https:\/\/vorarlberg.kripo.at\/wp-content\/uploads\/2018\/11\/begrc3bcssung-christian-fabian-300x225.jpg 300w, https:\/\/vorarlberg.kripo.at\/wp-content\/uploads\/2018\/11\/begrc3bcssung-christian-fabian-768x576.jpg 768w, https:\/\/vorarlberg.kripo.at\/wp-content\/uploads\/2018\/11\/begrc3bcssung-christian-fabian-1024x768.jpg 1024w\" sizes=\"auto, (max-width: 3264px) 100vw, 3264px\" \/><figcaption>Einleitende Worte<\/figcaption><\/figure>\n\n\n\n<p class=\"wp-block-paragraph\"><\/p>\n\n\n\n<p class=\"wp-block-paragraph\">Fabian erkl\u00e4rte in seinem Begr\u00fc\u00dfungsvortrag den t\u00e4glichen Ablauf an einem der gr\u00f6\u00dften Flugh\u00e4fen Europas. Wenn man bedenkt, dass pro Jahr ca 27,7 Millionen Passagiere den Flughafen ben\u00fctzen, kann man sich vorstellen, welche Aufgabe auf die Sicherheitskr\u00e4fte tagt\u00e4glich zukommen. Umgerechnet bedeutet dies, dass an Spitzentagen mehr als 100.000 Personen am Flughafen Z\u00fcrich abgefertigt werden. Zus\u00e4tzlich kommen noch ca 60.000 \u2013 90.000 Passanten\/innen im Airport Shopping pro Tag hinzu. <\/p>\n\n\n\n<p class=\"wp-block-paragraph\">76 Airlines fliegen 186 Destinationen in 62 L\u00e4nder an, dies bedeutet mehr als eine Viertelmillion Flugbewegungen pro Jahr. Ca 1.500 Personen sind f\u00fcr die Kapo Z\u00fcrich mit vielf\u00e4ltigen Aufgaben am Flughafen t\u00e4tig, ca 400 davon sind bewaffnete Polizisten\/innen.<\/p>\n\n\n\n<figure class=\"wp-block-image\"><img decoding=\"async\" src=\"https:\/\/kripov.files.wordpress.com\/2018\/11\/airbus.jpg\" alt=\"\" class=\"wp-image-213\"\/><figcaption>Landung einer A380<\/figcaption><\/figure>\n\n\n\n<p class=\"wp-block-paragraph\">Nach diesen sehr interessanten Ausf\u00fchrungen, wurden die Besucherausweise und Sicherheitswesten ausgegeben. Die Teilnehmer teilten sich in 4 Gruppen und wurden von den fachkundigen Kollegen zu den einzelnen\u201eStationen\u201c begleitet.&nbsp; <\/p>\n\n\n\n<p class=\"wp-block-paragraph\">Diese Stationen waren<\/p>\n\n\n\n<ul class=\"wp-block-list\"><li>Schengen \u2013 Au\u00dfengrenze<\/li><li>Spezialkontrolle \u2013 Gep\u00e4ck<\/li><li>Kriminaldienst<\/li><\/ul>\n\n\n\n<p class=\"wp-block-paragraph\">Es blieb nicht allzu viel Zeit f\u00fcr das jeweilige Gebiet,trotzdem, die Z\u00fcrcher Kollegen pr\u00e4sentierten sehr interessante Punkte, die hier\u2013 verst\u00e4ndlicherweise \u2013 nicht alle wiedergegeben werden. <\/p>\n\n\n\n<p class=\"wp-block-paragraph\">Nach den ersten Vortr\u00e4gen trafen sich alle Gruppen zu einem gemeinsamen Mittagessen im \u201eCheibenwinkel\u201c. Auch hier wurden wir mit einer ausgezeichneten Mahlzeit sowie mit Kuchen und Kaffee zum Nachtisch verw\u00f6hnt. <\/p>\n\n\n\n<p class=\"wp-block-paragraph\">Nach dem Essen w\u00e4re eigentlich die \u00dcbergabe von Gastgeschenken an die Organisatoren und Vortragenden geplant gewesen. Ein paar Worte und ein erstes Geschenk konnte der Vorarlberger Sektionsleiter Norbert Schwendinger gerade noch \u00fcbergeben, als die Nachricht einging, dass wir die Landung eines Airbusses A 380 direkt anschauen k\u00f6nnten, worauf sich der Saal blitzartig leerte und der Bus mit Vollgas \u2013 nat\u00fcrlich mit Polizei-Eskorte- Richtung Landebahn fuhr. Dieses einmalige Erlebnis wird manch einem noch lange in Erinnerung bleiben, so etwas wird man\/frau nicht mehr so schnell erleben. <\/p>\n\n\n\n<p class=\"wp-block-paragraph\">Dadurch geriet das geplante Programm etwas in Verzug, trotzdem ging es mit gewohnter Schweizer Pr\u00e4zision weiter. <\/p>\n\n\n\n<p class=\"wp-block-paragraph\">Was passiert mit einem \u201everd\u00e4chtigen Gegenstand\u201c auf dem Flughafen, was kann bei einer Geiselnahme in einem Flugzeug gemacht werden, was steht den Polizisten zur Verf\u00fcgung. All das wurde uns sehr gut erkl\u00e4rt und auch vorgef\u00fchrt. <\/p>\n\n\n\n<p class=\"wp-block-paragraph\">Manch einer n\u00fctzte die Gelegenheit, um sich im gepanzerten Einsatzfahrzeug der Kapo fotografieren zu lassen.<\/p>\n\n\n\n<figure class=\"wp-block-image\"><img loading=\"lazy\" decoding=\"async\" width=\"2048\" height=\"1536\" src=\"https:\/\/kripov.files.wordpress.com\/2018\/11\/sprengstoffkundige-beamte-vlbg.jpg\" alt=\"\" class=\"wp-image-214\" srcset=\"https:\/\/vorarlberg.kripo.at\/wp-content\/uploads\/2018\/11\/sprengstoffkundige-beamte-vlbg.jpg 2048w, https:\/\/vorarlberg.kripo.at\/wp-content\/uploads\/2018\/11\/sprengstoffkundige-beamte-vlbg-300x225.jpg 300w, https:\/\/vorarlberg.kripo.at\/wp-content\/uploads\/2018\/11\/sprengstoffkundige-beamte-vlbg-768x576.jpg 768w, https:\/\/vorarlberg.kripo.at\/wp-content\/uploads\/2018\/11\/sprengstoffkundige-beamte-vlbg-1024x768.jpg 1024w\" sizes=\"auto, (max-width: 2048px) 100vw, 2048px\" \/><figcaption>Unsere SKO-Spezialisten<\/figcaption><\/figure>\n\n\n\n<p class=\"wp-block-paragraph\"> <\/p>\n\n\n\n<p class=\"wp-block-paragraph\">Und dann ging es wieder zum Gruppenprogramm. Der Zeitplan war sehr eng, trotzdem gelang es den Vortragenden die Vorgaben einigerma\u00dfen einzuhalten. Unseren Leuten darf ich ein Kompliment machen, jede\/r verhielt sich sehr diszipliniert, damit konnten wir auch einen kleinen Betrag zum Gelingen des Tages beitragen. <\/p>\n\n\n\n<p class=\"wp-block-paragraph\">Etwas nach 16.00 Uhr war es dann soweit. Die letzte Gruppe traf beim Busparkplatz ein und es ging ans Abschiednehmen. Norbert Schwendinger bedankte sich nochmals bei allen beteiligten Kollegen der Kantonspolizei Z\u00fcrich, ein besonderer Dank richtete er an Christian Rodel, Fabian K\u00fchner und nat\u00fcrlich auch an Markus Huber. <\/p>\n\n\n\n<p class=\"wp-block-paragraph\">Die VK\u00d6-Vorarlberg bedankte sich bei jedem Vortragenden und den 4 Begleitern mit dem \u201eVorarlberger Kriminalwasser\u201c (selbstgebrannter Schnaps unseres Mitglieds Karl-Heinz Dietrich) und unserem \u201ePistolen-USB-Stick\u201c.<\/p>\n\n\n\n<figure class=\"wp-block-image\"><img loading=\"lazy\" decoding=\"async\" width=\"1200\" height=\"1600\" src=\"https:\/\/kripov.files.wordpress.com\/2018\/11\/gastgeschenk-flasche-und-stick.jpg\" alt=\"\" class=\"wp-image-215\" srcset=\"https:\/\/vorarlberg.kripo.at\/wp-content\/uploads\/2018\/11\/gastgeschenk-flasche-und-stick.jpg 1200w, https:\/\/vorarlberg.kripo.at\/wp-content\/uploads\/2018\/11\/gastgeschenk-flasche-und-stick-225x300.jpg 225w, https:\/\/vorarlberg.kripo.at\/wp-content\/uploads\/2018\/11\/gastgeschenk-flasche-und-stick-768x1024.jpg 768w\" sizes=\"auto, (max-width: 1200px) 100vw, 1200px\" \/><figcaption>Exklusives Gastgeschenk<\/figcaption><\/figure>\n\n\n\n<p class=\"wp-block-paragraph\"> <\/p>\n\n\n\n<p class=\"wp-block-paragraph\">Auf der R\u00fcckfahrt ins L\u00e4ndle blieb ausreichend Zeit f\u00fcr Diskussionen, da das Verkehrsaufkommen doch recht gro\u00df war. Da war die Polizei-Eskorte bis zum Stadtrand Z\u00fcrich doch sehr hilfreich. <\/p>\n\n\n\n<p class=\"wp-block-paragraph\"><strong>Einhelliger Tenor im Bus \u2026. Es war einfach SUPER.<\/strong><\/p>\n\n\n\n<p class=\"wp-block-paragraph\" style=\"text-align:center\"><em>Weitere Bilder k\u00f6nnen hier angeschaut werden:&nbsp; &nbsp; &nbsp;<\/em><strong><a href=\"https:\/\/flic.kr\/s\/aHsmoftM3w\" target=\"_blank\" rel=\"noopener\"><em>LINK<\/em><\/a><\/strong><\/p>\n","protected":false},"excerpt":{"rendered":"<p>Die Landessektion Vorarlberg ging auf Reisen. Aufgrund von freundschaftlichen Kontakten zwischen dem Vorarlberger VK\u00d6-Sektionsleiter Norbert Schwendinger und dem Chef der Regionalabteilung Z\u00fcrich Unterland (Kapo Z\u00fcrich) \u2013 Markus Huber \u2013 konnte der Kontakt zur Flughafenpolizei der Kantonspolizei Z\u00fcrich hergestellt werden. Die Vorarlberger Anfrage hinsichtlich einer Exkursion wurde von den Z\u00fcrcher Kollegen&#8230;<\/p>\n","protected":false},"author":1,"featured_media":0,"parent":0,"menu_order":0,"comment_status":"closed","ping_status":"closed","template":"","meta":{"_crdt_document":"","ngg_post_thumbnail":0,"footnotes":""},"class_list":["post-438","page","type-page","status-publish","hentry"],"_links":{"self":[{"href":"https:\/\/vorarlberg.kripo.at\/index.php?rest_route=\/wp\/v2\/pages\/438","targetHints":{"allow":["GET"]}}],"collection":[{"href":"https:\/\/vorarlberg.kripo.at\/index.php?rest_route=\/wp\/v2\/pages"}],"about":[{"href":"https:\/\/vorarlberg.kripo.at\/index.php?rest_route=\/wp\/v2\/types\/page"}],"author":[{"embeddable":true,"href":"https:\/\/vorarlberg.kripo.at\/index.php?rest_route=\/wp\/v2\/users\/1"}],"replies":[{"embeddable":true,"href":"https:\/\/vorarlberg.kripo.at\/index.php?rest_route=%2Fwp%2Fv2%2Fcomments&post=438"}],"version-history":[{"count":1,"href":"https:\/\/vorarlberg.kripo.at\/index.php?rest_route=\/wp\/v2\/pages\/438\/revisions"}],"predecessor-version":[{"id":440,"href":"https:\/\/vorarlberg.kripo.at\/index.php?rest_route=\/wp\/v2\/pages\/438\/revisions\/440"}],"wp:attachment":[{"href":"https:\/\/vorarlberg.kripo.at\/index.php?rest_route=%2Fwp%2Fv2%2Fmedia&parent=438"}],"curies":[{"name":"wp","href":"https:\/\/api.w.org\/{rel}","templated":true}]}}