{"id":456,"date":"2019-02-19T17:19:28","date_gmt":"2019-02-19T17:19:28","guid":{"rendered":"https:\/\/vorarlberg.kripo.at\/?page_id=456"},"modified":"2019-02-19T17:19:28","modified_gmt":"2019-02-19T17:19:28","slug":"gruendung-vkoe-vlbg","status":"publish","type":"page","link":"https:\/\/vorarlberg.kripo.at\/?page_id=456","title":{"rendered":"Gr\u00fcndung VK\u00d6 Vlbg"},"content":{"rendered":"\n<p class=\"wp-block-paragraph\">Die Gr\u00fcndungsfeier der \u201eVereinigung Kriminaldienst \u00d6sterreich \u2013 Sektion Vorarlberg\u201c wurde zu einem der &nbsp;gr\u00f6\u00dften Treffen von Kriminalisten im L\u00e4ndle und zu einem polizeilich-kabarettistischen Vergn\u00fcgen.<\/p>\n\n\n\n<p class=\"wp-block-paragraph\">Die \u201eVereinigung Kriminaldienst \u00d6sterreich \u2013 Sektion Vorarlberg\u201c lud ein und ca 300 Personen lie\u00dfen es sich \u2013 am 27. 10. 2016 &#8211; nicht nehmen, an diesem Abend in den Saal des Gasthaus \u201eDorfmitte\u201c in Koblach bis zum letzten Platz zu f\u00fcllen. <\/p>\n\n\n\n<p class=\"wp-block-paragraph\">Der Sektionsobmann Norbert Schwendinger konnte zahlreiche Ehreng\u00e4ste, wie Landesrat Erich Schw\u00e4rzler, Landespolizeidirektor Dr. Hans-Peter Ludescher mit seinen Stellvertretern Mag. Filzmaier und GenMajor Ellensohn, LKA Leiter Hardy Tschofen und Mag. Beyrer, die Vizepr\u00e4sidentin des Landesgerichts Feldkirch \u2013 Mag. Angelika Prechtl-Marte \u2013 mit zahlreichen Richtern und Staatanw\u00e4lten\/innen, den Pr\u00e4sidenten der VK\u00d6 \u2013 Richard Benda \u2013 und zahlreiche Sektionsobm\u00e4nner der Bundesl\u00e4nder sowie Vertreter des Landgerichtes Vaduz, der Landespolizei Vaduz und der Kapo St. Gallen begr\u00fc\u00dfen. <\/p>\n\n\n\n<p class=\"wp-block-paragraph\">Aber auch alle anderen Personen wurden vom Sektionsobmann als besondere G\u00e4ste des Abends begr\u00fc\u00dft. <\/p>\n\n\n\n<p class=\"wp-block-paragraph\">Nach einem kurzen offiziellen Teil mit der \u00dcbergabe der Gr\u00fcndungsurkunde an den neuen Sektionsobmann, begann der absolute H\u00f6hepunkt des Abends, das <strong>Kiebarett<\/strong>. <\/p>\n\n\n\n<p class=\"wp-block-paragraph\">Der stellvertretende Leiter des Landeskriminalamtes Burgenland \u2013 Obstlt Norbert Janitsch \u2013 pr\u00e4sentierte sein Werk. Was Norbert Janitsch, der Sektionsleiter Burgenland, von sich gab, hatte man im L\u00e4ndle nochnicht geh\u00f6rt. Janitsch zeigte auf kabarettistische Weise, dass unser Beruf nicht nur Schattenseiten hat, sondern auch seine kabarettistischen \u2013 es kommt nur auf die Betrachtungsweise an. Der Reigen des Programms spannte sich von Sch\u00fcttelversen, \u00fcber die parodistische Vorstellung polizeilicher T\u00e4tigkeiten bis zu den Gedankeng\u00e4ngen von verhafteten Ganoven. Kinderlieder mit polizeilichen Texten zu versehen, f\u00fchrte offensichtlich in ganz \u00d6sterreich zu Lachsalven. Selbst der ORF war gekommen, um zu h\u00f6ren, wie man dem Polizeidienst kabarettistische Seiten abgewinnen kann.<\/p>\n\n\n\n<p class=\"wp-block-paragraph\">Der \u201egute\u201c Zweck kam auch nicht zu kurz. Dem Landesleiter des Wei\u00dfen Ringes \u2013 Dr. Denifl \u2013 konnte ein Spendengeld in der H\u00f6he von 1.200,- Euro \u00fcbergeben werden. <\/p>\n\n\n\n<p class=\"wp-block-paragraph\">Zu sp\u00e4ter Stunde waren sich alle einig, es war ein netter,\nunterhaltsamer Abend. <\/p>\n","protected":false},"excerpt":{"rendered":"<p>Die Gr\u00fcndungsfeier der \u201eVereinigung Kriminaldienst \u00d6sterreich \u2013 Sektion Vorarlberg\u201c wurde zu einem der &nbsp;gr\u00f6\u00dften Treffen von Kriminalisten im L\u00e4ndle und zu einem polizeilich-kabarettistischen Vergn\u00fcgen. Die \u201eVereinigung Kriminaldienst \u00d6sterreich \u2013 Sektion Vorarlberg\u201c lud ein und ca 300 Personen lie\u00dfen es sich \u2013 am 27. 10. 2016 &#8211; nicht nehmen, an diesem&#8230;<\/p>\n","protected":false},"author":1,"featured_media":0,"parent":0,"menu_order":0,"comment_status":"closed","ping_status":"closed","template":"","meta":{"_crdt_document":"","ngg_post_thumbnail":0,"footnotes":""},"class_list":["post-456","page","type-page","status-publish","hentry"],"_links":{"self":[{"href":"https:\/\/vorarlberg.kripo.at\/index.php?rest_route=\/wp\/v2\/pages\/456","targetHints":{"allow":["GET"]}}],"collection":[{"href":"https:\/\/vorarlberg.kripo.at\/index.php?rest_route=\/wp\/v2\/pages"}],"about":[{"href":"https:\/\/vorarlberg.kripo.at\/index.php?rest_route=\/wp\/v2\/types\/page"}],"author":[{"embeddable":true,"href":"https:\/\/vorarlberg.kripo.at\/index.php?rest_route=\/wp\/v2\/users\/1"}],"replies":[{"embeddable":true,"href":"https:\/\/vorarlberg.kripo.at\/index.php?rest_route=%2Fwp%2Fv2%2Fcomments&post=456"}],"version-history":[{"count":1,"href":"https:\/\/vorarlberg.kripo.at\/index.php?rest_route=\/wp\/v2\/pages\/456\/revisions"}],"predecessor-version":[{"id":458,"href":"https:\/\/vorarlberg.kripo.at\/index.php?rest_route=\/wp\/v2\/pages\/456\/revisions\/458"}],"wp:attachment":[{"href":"https:\/\/vorarlberg.kripo.at\/index.php?rest_route=%2Fwp%2Fv2%2Fmedia&parent=456"}],"curies":[{"name":"wp","href":"https:\/\/api.w.org\/{rel}","templated":true}]}}