{"id":462,"date":"2019-02-19T17:21:03","date_gmt":"2019-02-19T17:21:03","guid":{"rendered":"https:\/\/vorarlberg.kripo.at\/?page_id=462"},"modified":"2019-02-19T17:22:08","modified_gmt":"2019-02-19T17:22:08","slug":"geschichte","status":"publish","type":"page","link":"https:\/\/vorarlberg.kripo.at\/?page_id=462","title":{"rendered":"Geschichte"},"content":{"rendered":"\n<p class=\"wp-block-paragraph\">Die Vorarlberger Sektion der VK\u00d6 wurde erst im Jahre 2016 gegr\u00fcndet. Die Gr\u00fcndungsfeier konnte sich sehen lassen. Zahlreiche Besucher aus Politik, Polizei, Gericht, Staatsanwaltschaft und sonstigen Beh\u00f6rden erschienen zum &#8222;Kiebarett&#8220;.<\/p>\n\n\n\n<p class=\"wp-block-paragraph\">Der stV Leiter des LKA Burgenland und zugleich Sektionsobmann der VK\u00d6 Burgenland &#8211; <strong>Norbert Janitsch<\/strong> &#8211; pr\u00e4sentierte sein selbst geschriebene &#8222;Kiebarett&#8220; und begeisterte die ca 350 anwesenden Besucher.<\/p>\n\n\n\n<div class=\"wp-block-image\"><figure class=\"aligncenter is-resized\"><img loading=\"lazy\" decoding=\"async\" src=\"https:\/\/kripov.files.wordpress.com\/2018\/11\/kibarett-035.jpg\" alt=\"\" class=\"wp-image-108\" width=\"575\" height=\"383\" srcset=\"https:\/\/vorarlberg.kripo.at\/wp-content\/uploads\/2018\/11\/kibarett-035.jpg 3072w, https:\/\/vorarlberg.kripo.at\/wp-content\/uploads\/2018\/11\/kibarett-035-300x200.jpg 300w, https:\/\/vorarlberg.kripo.at\/wp-content\/uploads\/2018\/11\/kibarett-035-768x512.jpg 768w, https:\/\/vorarlberg.kripo.at\/wp-content\/uploads\/2018\/11\/kibarett-035-1024x683.jpg 1024w\" sizes=\"auto, (max-width: 575px) 100vw, 575px\" \/><figcaption>Koblach am 27.10.2016 PI Polizei Kibarett Norbert Janisch, www.inskabarett.com im Bild: Norbert Janisch<\/figcaption><\/figure><\/div>\n\n\n\n<p class=\"wp-block-paragraph\"><br>Der \u201egute\u201c Zweck kam auch nicht zu kurz. Dem Landesleiter des Wei\u00dfen Ringes \u2013 Dr. Denifl \u2013 konnte ein Spendengeld in der H\u00f6he von 1.200,- Euro \u00fcbergeben werden.<\/p>\n\n\n\n<p class=\"wp-block-paragraph\">Ja und somit begann die &#8222;\u00c4ra&#8220; der VK\u00d6 Vorarlberg. Unsere Ideen und Veranstaltungen gefielen den Kolleginnen und Kollegen. So war es nicht verwunderlich, dass die Mitgliederanzahl innerhalb k\u00fcrzester Zeit&nbsp; auf eine beachtliche Zahl gestiegen ist.<\/p>\n\n\n\n<p class=\"wp-block-paragraph\">Selbstverst\u00e4ndlich w\u00fcrden wir uns \u00fcber weitere Mitglieder freuen.<\/p>\n\n\n\n<p class=\"wp-block-paragraph\">Was bietet die VK\u00d6 Vorarlberg:<\/p>\n\n\n\n<p class=\"wp-block-paragraph\">Neben den allgemeinen Angeboten der VK\u00d6 (siehe dazu auch die Angebote auf unserer Homepage &#8222;<a href=\"http:\/\/www.kripo.at\" target=\"_blank\" rel=\"noopener\">www.kripo.at<\/a>&#8222;) versuchen wir im L\u00e4ndle zwei bis drei interessante Veranstaltungen pro Jahr zu machen, siehe unsere Homepage <a href=\"https:\/\/vorarlberg.kripo.at\">vorarlberg.kripo.at<\/a><\/p>\n\n\n\n<p class=\"wp-block-paragraph\">Diese Veranstaltungen sind zum Teil nur f\u00fcr Mitglieder, zum Teil machen wir \u00f6ffentliche Veranstaltungen, deren Einnahmen wir immer einer sozialen Einrichtung zukommen lassen.<\/p>\n\n\n\n<p class=\"wp-block-paragraph\">Schaut gelegentlich auf unsere Seite, wir werden die Veranstaltungen zeitgerecht ank\u00fcndigen.<\/p>\n\n\n<p><!--EndFragment--><br>\n<br>\n<\/p>","protected":false},"excerpt":{"rendered":"<p>Die Vorarlberger Sektion der VK\u00d6 wurde erst im Jahre 2016 gegr\u00fcndet. Die Gr\u00fcndungsfeier konnte sich sehen lassen. Zahlreiche Besucher aus Politik, Polizei, Gericht, Staatsanwaltschaft und sonstigen Beh\u00f6rden erschienen zum &#8222;Kiebarett&#8220;. Der stV Leiter des LKA Burgenland und zugleich Sektionsobmann der VK\u00d6 Burgenland &#8211; Norbert Janitsch &#8211; pr\u00e4sentierte sein selbst geschriebene&#8230;<\/p>\n","protected":false},"author":1,"featured_media":0,"parent":0,"menu_order":0,"comment_status":"closed","ping_status":"closed","template":"","meta":{"_crdt_document":"","ngg_post_thumbnail":0,"footnotes":""},"class_list":["post-462","page","type-page","status-publish","hentry"],"_links":{"self":[{"href":"https:\/\/vorarlberg.kripo.at\/index.php?rest_route=\/wp\/v2\/pages\/462","targetHints":{"allow":["GET"]}}],"collection":[{"href":"https:\/\/vorarlberg.kripo.at\/index.php?rest_route=\/wp\/v2\/pages"}],"about":[{"href":"https:\/\/vorarlberg.kripo.at\/index.php?rest_route=\/wp\/v2\/types\/page"}],"author":[{"embeddable":true,"href":"https:\/\/vorarlberg.kripo.at\/index.php?rest_route=\/wp\/v2\/users\/1"}],"replies":[{"embeddable":true,"href":"https:\/\/vorarlberg.kripo.at\/index.php?rest_route=%2Fwp%2Fv2%2Fcomments&post=462"}],"version-history":[{"count":2,"href":"https:\/\/vorarlberg.kripo.at\/index.php?rest_route=\/wp\/v2\/pages\/462\/revisions"}],"predecessor-version":[{"id":466,"href":"https:\/\/vorarlberg.kripo.at\/index.php?rest_route=\/wp\/v2\/pages\/462\/revisions\/466"}],"wp:attachment":[{"href":"https:\/\/vorarlberg.kripo.at\/index.php?rest_route=%2Fwp%2Fv2%2Fmedia&parent=462"}],"curies":[{"name":"wp","href":"https:\/\/api.w.org\/{rel}","templated":true}]}}