{"id":715,"date":"2019-06-15T20:40:32","date_gmt":"2019-06-15T20:40:32","guid":{"rendered":"https:\/\/vorarlberg.kripo.at\/?page_id=715"},"modified":"2019-06-15T21:23:37","modified_gmt":"2019-06-15T21:23:37","slug":"50er-peter-gruber","status":"publish","type":"page","link":"https:\/\/vorarlberg.kripo.at\/?page_id=715","title":{"rendered":"50er Peter Gruber"},"content":{"rendered":"\n<p class=\"wp-block-paragraph\">Am Dienstag, 18.6.2019 feiert unser stellvertretende Sektionsleiter Peter Gruber seinen 50er. <\/p>\n\n\n\n<p class=\"wp-block-paragraph\">Bereits am Samstag davor lud er zu seinem Ehrentag ein. Zahlreiche Familienangeh\u00f6rige, Freunde und nat\u00fcrlich Polizeikollegen lie\u00dfen es sich nicht nehmen, mit Peter zu feiern. Speis und Trank war ausreichend vorhanden. <\/p>\n\n\n\n<p class=\"wp-block-paragraph\">Auch der Spa\u00df kam nicht zu kurz. Es war ein unterhaltsamer Tag. <\/p>\n\n\n\n<p class=\"wp-block-paragraph\" style=\"text-align:center\">Vielen Dank Peter. <\/p>\n\n\n\n<figure class=\"wp-block-image\"><img loading=\"lazy\" decoding=\"async\" width=\"1024\" height=\"497\" src=\"https:\/\/vorarlberg.kripo.at\/wp-content\/uploads\/2019\/06\/k-20190615_115550-1024x497.jpg\" alt=\"\" class=\"wp-image-717\" srcset=\"https:\/\/vorarlberg.kripo.at\/wp-content\/uploads\/2019\/06\/k-20190615_115550.jpg 1024w, https:\/\/vorarlberg.kripo.at\/wp-content\/uploads\/2019\/06\/k-20190615_115550-300x146.jpg 300w, https:\/\/vorarlberg.kripo.at\/wp-content\/uploads\/2019\/06\/k-20190615_115550-768x373.jpg 768w\" sizes=\"auto, (max-width: 1024px) 100vw, 1024px\" \/><\/figure>\n\n\n\n<figure class=\"wp-block-image\"><img loading=\"lazy\" decoding=\"async\" width=\"1024\" height=\"497\" src=\"https:\/\/vorarlberg.kripo.at\/wp-content\/uploads\/2019\/06\/k-20190615_143216-1024x497.jpg\" alt=\"\" class=\"wp-image-718\" srcset=\"https:\/\/vorarlberg.kripo.at\/wp-content\/uploads\/2019\/06\/k-20190615_143216.jpg 1024w, https:\/\/vorarlberg.kripo.at\/wp-content\/uploads\/2019\/06\/k-20190615_143216-300x146.jpg 300w, https:\/\/vorarlberg.kripo.at\/wp-content\/uploads\/2019\/06\/k-20190615_143216-768x373.jpg 768w\" sizes=\"auto, (max-width: 1024px) 100vw, 1024px\" \/><\/figure>\n\n\n\n<figure class=\"wp-block-image is-resized\"><img loading=\"lazy\" decoding=\"async\" src=\"https:\/\/vorarlberg.kripo.at\/wp-content\/uploads\/2019\/06\/k-20190615_144108-1024x497.jpg\" alt=\"\" class=\"wp-image-720\" width=\"880\" height=\"427\" srcset=\"https:\/\/vorarlberg.kripo.at\/wp-content\/uploads\/2019\/06\/k-20190615_144108.jpg 1024w, https:\/\/vorarlberg.kripo.at\/wp-content\/uploads\/2019\/06\/k-20190615_144108-300x146.jpg 300w, https:\/\/vorarlberg.kripo.at\/wp-content\/uploads\/2019\/06\/k-20190615_144108-768x373.jpg 768w\" sizes=\"auto, (max-width: 880px) 100vw, 880px\" \/><\/figure>\n\n\n\n<figure class=\"wp-block-image\"><img loading=\"lazy\" decoding=\"async\" width=\"1024\" height=\"497\" src=\"https:\/\/vorarlberg.kripo.at\/wp-content\/uploads\/2019\/06\/k-20190615_144105-1024x497.jpg\" alt=\"\" class=\"wp-image-719\" srcset=\"https:\/\/vorarlberg.kripo.at\/wp-content\/uploads\/2019\/06\/k-20190615_144105.jpg 1024w, https:\/\/vorarlberg.kripo.at\/wp-content\/uploads\/2019\/06\/k-20190615_144105-300x146.jpg 300w, https:\/\/vorarlberg.kripo.at\/wp-content\/uploads\/2019\/06\/k-20190615_144105-768x373.jpg 768w\" sizes=\"auto, (max-width: 1024px) 100vw, 1024px\" \/><\/figure>\n","protected":false},"excerpt":{"rendered":"<p>Am Dienstag, 18.6.2019 feiert unser stellvertretende Sektionsleiter Peter Gruber seinen 50er. Bereits am Samstag davor lud er zu seinem Ehrentag ein. Zahlreiche Familienangeh\u00f6rige, Freunde und nat\u00fcrlich Polizeikollegen lie\u00dfen es sich nicht nehmen, mit Peter zu feiern. Speis und Trank war ausreichend vorhanden. Auch der Spa\u00df kam nicht zu kurz. Es&#8230;<\/p>\n","protected":false},"author":1,"featured_media":0,"parent":0,"menu_order":0,"comment_status":"closed","ping_status":"closed","template":"","meta":{"_crdt_document":"","ngg_post_thumbnail":0,"footnotes":""},"class_list":["post-715","page","type-page","status-publish","hentry"],"_links":{"self":[{"href":"https:\/\/vorarlberg.kripo.at\/index.php?rest_route=\/wp\/v2\/pages\/715","targetHints":{"allow":["GET"]}}],"collection":[{"href":"https:\/\/vorarlberg.kripo.at\/index.php?rest_route=\/wp\/v2\/pages"}],"about":[{"href":"https:\/\/vorarlberg.kripo.at\/index.php?rest_route=\/wp\/v2\/types\/page"}],"author":[{"embeddable":true,"href":"https:\/\/vorarlberg.kripo.at\/index.php?rest_route=\/wp\/v2\/users\/1"}],"replies":[{"embeddable":true,"href":"https:\/\/vorarlberg.kripo.at\/index.php?rest_route=%2Fwp%2Fv2%2Fcomments&post=715"}],"version-history":[{"count":7,"href":"https:\/\/vorarlberg.kripo.at\/index.php?rest_route=\/wp\/v2\/pages\/715\/revisions"}],"predecessor-version":[{"id":731,"href":"https:\/\/vorarlberg.kripo.at\/index.php?rest_route=\/wp\/v2\/pages\/715\/revisions\/731"}],"wp:attachment":[{"href":"https:\/\/vorarlberg.kripo.at\/index.php?rest_route=%2Fwp%2Fv2%2Fmedia&parent=715"}],"curies":[{"name":"wp","href":"https:\/\/api.w.org\/{rel}","templated":true}]}}